{"id":415,"date":"2015-11-17T04:19:36","date_gmt":"2015-11-17T04:19:36","guid":{"rendered":"http:\/\/logistics.stylemixthemes.com\/\/?page_id=415"},"modified":"2025-04-23T13:12:37","modified_gmt":"2025-04-23T06:12:37","slug":"gioi-thieu","status":"publish","type":"page","link":"https:\/\/navitransport.vn\/en\/gioi-thieu\/","title":{"rendered":"Introduce"},"content":{"rendered":"<div class=\"vc_row wpb_row vc_row-fluid vc_custom_1448604362911\"><div class=\"wpb_column vc_column_container vc_col-sm-12 vc_col-lg-9 vc_col-md-9\"><div class=\"vc_column-inner\"><div class=\"wpb_wrapper\"><div class=\"vc_row wpb_row vc_inner vc_row-fluid vc_custom_1449140720718\"><div class=\"wpb_column vc_column_container vc_col-sm-12 vc_hidden-xs\"><div class=\"vc_column-inner vc_custom_1656313835575\"><div class=\"wpb_wrapper\"><h2 style=\"text-align: left\" class=\"vc_custom_heading\" >History begin<\/h2><\/div><\/div><\/div><\/div>\n\t<div class=\"wpb_text_column wpb_content_element  vc_custom_1745401972471\" >\n\t\t<div class=\"wpb_wrapper\">\n\t\t\t<p>Nam Viet Company was established and registered for business in 2013 with the main registered business lines related to maritime training and resource supply, transportation services.<\/p>\n<p>\u0110\u01b0\u1ee3c s\u00e1ng l\u1eadp v\u00e0 \u0111i\u1ec1u h\u00e0nh b\u1edfi nh\u1eefng nh\u00e2n s\u1ef1 c\u00f3 tr\u00ecnh \u0111\u1ed9 v\u00e0 kinh nghi\u1ec7m trong l\u0129nh v\u1ef1c logistics t\u1ea1i Vi\u1ec7t Nam v\u1edbi t\u00e2m huy\u1ebft g\u00f3p ph\u1ea7n x\u00e2y d\u1ef1ng ph\u00e1t tri\u1ec3n c\u00e1c d\u1ecbch v\u1ee5 logistics, c\u00f9ng v\u1edbi c\u00e1c Thuy\u1ec1n tr\u01b0\u1edfng &#8211; M\u00e1y tr\u01b0\u1edfng \u0111\u00e0o t\u1ea1o, hu\u1ea5n luy\u1ec7n, qu\u1ea3n l\u00fd, cung \u1ee9ng ngu\u1ed3n nh\u00e2n l\u1ef1c cho c\u00e1c ch\u1ee7 t\u00e0u trong v\u00e0 ngo\u00e0i n\u01b0\u1edbc.<\/p>\n\n\t\t<\/div>\n\t<\/div>\n<h2 style=\"text-align: left\" class=\"vc_custom_heading\" >Headquarters<\/h2><div class=\"vc_row wpb_row vc_inner vc_row-fluid vc_custom_1656313743873\"><div class=\"wpb_column vc_column_container vc_col-sm-12\"><div class=\"vc_column-inner\"><div class=\"wpb_wrapper\">\n\t<div class=\"wpb_text_column wpb_content_element  vc_custom_1657010868379\" >\n\t\t<div class=\"wpb_wrapper\">\n\t\t\t<p><em>No. 417\/4 Tan Son, Ward 12, Go Vap District, Ho Chi Minh City.<\/em><\/p>\n\n\t\t<\/div>\n\t<\/div>\n<\/div><\/div><\/div><\/div><h2 style=\"text-align: left\" class=\"vc_custom_heading\" >Office address<\/h2>\n\t<div class=\"wpb_text_column wpb_content_element  vc_custom_1742896889390\" >\n\t\t<div class=\"wpb_wrapper\">\n\t\t\t<p><em>S\u1ed1 38, \u0110\u01b0\u1eddng 33, Ph\u01b0\u1eddng An Kh\u00e1nh, Th\u00e0nh ph\u1ed1 Th\u1ee7 \u0110\u1ee9c, Th\u00e0nh ph\u1ed1 H\u1ed3 Ch\u00ed Minh<\/em><\/p>\n\n\t\t<\/div>\n\t<\/div>\n<\/div><\/div><\/div><div class=\"wpb_column vc_column_container vc_col-sm-3 vc_hidden-sm vc_hidden-xs\"><div class=\"vc_column-inner\"><div class=\"wpb_wrapper\">\n<div class=\"stm_sidebar\">\n\t\t<div class=\"vc_row wpb_row vc_row-fluid\"><div class=\"wpb_column vc_column_container vc_col-sm-12\"><div class=\"vc_column-inner\"><div class=\"wpb_wrapper\"><div class=\"vc_wp_search wpb_content_element\"><aside class=\"widget widget_search\"><form method=\"get\" class=\"search-form\" action=\"https:\/\/navitransport.vn\/en\/\" data-trp-original-action=\"https:\/\/navitransport.vn\/en\/\">\n\t<input type=\"search\" class=\"form-control\" placeholder=\"Search...\" value=\"\" name=\"s\"\/>\n\t<button type=\"submit\"><i class=\"stm-search\"><\/i><\/button>\n<input type=\"hidden\" name=\"trp-form-language\" value=\"en\"\/><\/form><\/aside><\/div><div class=\"vc_wp_categories wpb_content_element\"><aside class=\"widget widget_categories\"><h4 class=\"widget_title\">Categories<\/h4>\n\t\t\t<ul>\n\t\t\t\t\t<li class=\"cat-item cat-item-36\"><a href=\"https:\/\/navitransport.vn\/en\/category\/chuong-trinh-dao-tao\/\">Education program<\/a>\n<\/li>\n\t<li class=\"cat-item cat-item-1\"><a href=\"https:\/\/navitransport.vn\/en\/category\/tin-tuc\/\">News<\/a>\n<\/li>\n\t\t\t<\/ul>\n\n\t\t\t<\/aside><\/div><div class=\"wpb_gallery wpb_content_element vc_clearfix\" ><div class=\"wpb_wrapper\"><h4 class=\"wpb_heading wpb_gallery_heading\">Photo albums<\/h4><div class=\"wpb_gallery_slides wpb_image_grid\" data-interval=\"3\"><ul class=\"wpb_image_grid_ul\"><li class=\"isotope-item\"><a class=\"\" href=\"https:\/\/navitransport.vn\/wp-content\/uploads\/2022\/01\/fotolia_70060780-1024x579.jpg\" data-lightbox=\"lightbox[rel-415-2245051256]\"><img class=\"\" src=\"https:\/\/navitransport.vn\/wp-content\/uploads\/2022\/01\/fotolia_70060780-scaled-77x77.jpg\" width=\"77\" height=\"77\" alt=\"Container Cargo freight ship with working crane bridge in shipyard at dusk for Logistic Import Export background\" title=\"Container Cargo Freight Ship\" \/><\/a><\/li><li class=\"isotope-item\"><a class=\"\" href=\"https:\/\/navitransport.vn\/wp-content\/uploads\/2015\/11\/h6_7-1024x641.jpeg\" data-lightbox=\"lightbox[rel-415-2245051256]\"><img class=\"\" src=\"https:\/\/navitransport.vn\/wp-content\/uploads\/2015\/11\/h6_7-77x77.jpeg\" width=\"77\" height=\"77\" alt=\"h6_7\" title=\"h6_7\" \/><\/a><\/li><li class=\"isotope-item\"><a class=\"\" href=\"https:\/\/navitransport.vn\/wp-content\/uploads\/2022\/06\/ship-finance_01.jpg\" data-lightbox=\"lightbox[rel-415-2245051256]\"><img class=\"\" src=\"https:\/\/navitransport.vn\/wp-content\/uploads\/2022\/06\/ship-finance_01-77x77.jpg\" width=\"77\" height=\"77\" alt=\"ship-finance_01\" title=\"ship-finance_01\" \/><\/a><\/li><li class=\"isotope-item\"><a class=\"\" href=\"https:\/\/navitransport.vn\/wp-content\/uploads\/2022\/06\/images1624545_T_u_container_c_p_c_ng_Qu_c_t__T_n_c_ng___C_i_M_p_l_m_h_ng-1024x680.jpg\" data-lightbox=\"lightbox[rel-415-2245051256]\"><img class=\"\" src=\"https:\/\/navitransport.vn\/wp-content\/uploads\/2022\/06\/images1624545_T_u_container_c_p_c_ng_Qu_c_t__T_n_c_ng___C_i_M_p_l_m_h_ng-scaled-77x77.jpg\" width=\"77\" height=\"77\" alt=\"images1624545_T_u_container_c_p_c_ng_Qu_c_t__T_n_c_ng___C_i_M_p_l_m_h_ng\" title=\"images1624545_T_u_container_c_p_c_ng_Qu_c_t__T_n_c_ng___C_i_M_p_l_m_h_ng\" \/><\/a><\/li><li class=\"isotope-item\"><a class=\"\" href=\"\" data-lightbox=\"lightbox[rel-415-2245051256]\"><\/a><\/li><li class=\"isotope-item\"><a class=\"\" href=\"https:\/\/navitransport.vn\/wp-content\/uploads\/2022\/06\/img0670-1510291172850.jpg\" data-lightbox=\"lightbox[rel-415-2245051256]\"><img class=\"\" src=\"https:\/\/navitransport.vn\/wp-content\/uploads\/2022\/06\/img0670-1510291172850-77x77.jpg\" width=\"77\" height=\"77\" alt=\"img0670-1510291172850\" title=\"img0670-1510291172850\" \/><\/a><\/li><\/ul><\/div><\/div><\/div><div class=\"vc_wp_posts wpb_content_element\">\t\t\t<aside class=\"widget stm_widget_recent_entries\">\t\t\t<h4 class=\"widget_title\">new post<\/h4>\t\t\t<ul>\n\t\t\t\t\t\t\t\t\t<li>\n\t\t\t\t\t\t\t\t\t\t\t\t\t<div class=\"post_thumbnail\">\n\t\t\t\t\t\t\t\t<a href=\"https:\/\/navitransport.vn\/en\/tuyen-dung-ky-su-phuong-an-ky-so-o-to-ky-su-co-khi\/\"><img width=\"130\" height=\"130\" src=\"https:\/\/navitransport.vn\/wp-content\/uploads\/2025\/09\/TUYEN-DUNG-KY-SU-PHUONG-AN-130x130.png\" class=\"attachment-transcargo_image-130x130-croped size-transcargo_image-130x130-croped wp-post-image\" alt=\"\" decoding=\"async\" loading=\"lazy\" srcset=\"https:\/\/navitransport.vn\/wp-content\/uploads\/2025\/09\/TUYEN-DUNG-KY-SU-PHUONG-AN-130x130.png 130w, https:\/\/navitransport.vn\/wp-content\/uploads\/2025\/09\/TUYEN-DUNG-KY-SU-PHUONG-AN-150x150.png 150w, https:\/\/navitransport.vn\/wp-content\/uploads\/2025\/09\/TUYEN-DUNG-KY-SU-PHUONG-AN-40x40.png 40w\" sizes=\"(max-width: 130px) 100vw, 130px\" \/><\/a>\n\t\t\t\t\t\t\t<\/div>\n\t\t\t\t\t\t\t\t\t\t\t\t<div class=\"post_info\">\n\t\t\t\t\t\t\t\t\t\t\t\t\t\t\t<span class=\"post-date\">16\/09\/2025<\/span>\n\t\t\t\t\t\t\t\t\t\t\t\t\t\t<a href=\"https:\/\/navitransport.vn\/en\/tuyen-dung-ky-su-phuong-an-ky-so-o-to-ky-su-co-khi\/\">TUY\u1ec2N D\u1ee4NG K\u1ef8 S\u01af PH\u01af\u01a0NG \u00c1N &#8211; K\u1ef8 S\u01a0 \u00d4 T\u00d4 &#8211; K\u1ef8 S\u01af C\u01a0 KH\u00cd<\/a>\n\t\t\t\t\t\t<\/div>\n\t\t\t\t\t<\/li>\n\t\t\t\t\t\t\t\t\t<li>\n\t\t\t\t\t\t\t\t\t\t\t\t\t<div class=\"post_thumbnail\">\n\t\t\t\t\t\t\t\t<a href=\"https:\/\/navitransport.vn\/en\/tuyen-dung-ky-su-cau-duong\/\"><img width=\"130\" height=\"130\" src=\"https:\/\/navitransport.vn\/wp-content\/uploads\/2025\/09\/tuyen-dung-ky-su-cau-duong-130x130.png\" class=\"attachment-transcargo_image-130x130-croped size-transcargo_image-130x130-croped wp-post-image\" alt=\"\" decoding=\"async\" loading=\"lazy\" srcset=\"https:\/\/navitransport.vn\/wp-content\/uploads\/2025\/09\/tuyen-dung-ky-su-cau-duong-130x130.png 130w, https:\/\/navitransport.vn\/wp-content\/uploads\/2025\/09\/tuyen-dung-ky-su-cau-duong-150x150.png 150w, https:\/\/navitransport.vn\/wp-content\/uploads\/2025\/09\/tuyen-dung-ky-su-cau-duong-40x40.png 40w\" sizes=\"(max-width: 130px) 100vw, 130px\" \/><\/a>\n\t\t\t\t\t\t\t<\/div>\n\t\t\t\t\t\t\t\t\t\t\t\t<div class=\"post_info\">\n\t\t\t\t\t\t\t\t\t\t\t\t\t\t\t<span class=\"post-date\">16\/09\/2025<\/span>\n\t\t\t\t\t\t\t\t\t\t\t\t\t\t<a href=\"https:\/\/navitransport.vn\/en\/tuyen-dung-ky-su-cau-duong\/\">TUY\u1ec2N D\u1ee4NG K\u1ef8 S\u01af C\u1ea6U \u0110\u01af\u1edcNG<\/a>\n\t\t\t\t\t\t<\/div>\n\t\t\t\t\t<\/li>\n\t\t\t\t\t\t\t<\/ul>\n\t\t\t<\/aside>\t\t\t<\/div><\/div><\/div><\/div><\/div>\n<\/div><\/div><\/div><\/div><\/div>","protected":false},"excerpt":{"rendered":"NAVITRANS nh\u1eadn s\u1ef1 \u1ee7y quy\u1ec1n t\u1eeb c\u00f4ng ty PPL tuy\u1ec3n d\u1ee5ng v\u1ecb tr\u00ed K\u1ef9 s\u01b0 c\u1ea7u \u0111\u01b0\u1eddng v\u1edbi c\u00e1c y\u00eau c\u1ea7u nh\u01b0 sau: I. TH\u00d4NG TIN CHUNG \ud83d\udcccS\u1ed1 l\u01b0\u1ee3ng: 1 \ud83d\udcccV\u1ecb tr\u00ed: k\u1ef9...","protected":false},"author":1,"featured_media":0,"parent":0,"menu_order":0,"comment_status":"closed","ping_status":"closed","template":"","meta":[],"yst_prominent_words":[],"_links":{"self":[{"href":"https:\/\/navitransport.vn\/en\/wp-json\/wp\/v2\/pages\/415"}],"collection":[{"href":"https:\/\/navitransport.vn\/en\/wp-json\/wp\/v2\/pages"}],"about":[{"href":"https:\/\/navitransport.vn\/en\/wp-json\/wp\/v2\/types\/page"}],"author":[{"embeddable":true,"href":"https:\/\/navitransport.vn\/en\/wp-json\/wp\/v2\/users\/1"}],"replies":[{"embeddable":true,"href":"https:\/\/navitransport.vn\/en\/wp-json\/wp\/v2\/comments?post=415"}],"version-history":[{"count":15,"href":"https:\/\/navitransport.vn\/en\/wp-json\/wp\/v2\/pages\/415\/revisions"}],"predecessor-version":[{"id":1813,"href":"https:\/\/navitransport.vn\/en\/wp-json\/wp\/v2\/pages\/415\/revisions\/1813"}],"wp:attachment":[{"href":"https:\/\/navitransport.vn\/en\/wp-json\/wp\/v2\/media?parent=415"}],"wp:term":[{"taxonomy":"yst_prominent_words","embeddable":true,"href":"https:\/\/navitransport.vn\/en\/wp-json\/wp\/v2\/yst_prominent_words?post=415"}],"curies":[{"name":"wp","href":"https:\/\/api.w.org\/{rel}","templated":true}]}}